{"id":14,"date":"2021-11-25T21:17:13","date_gmt":"2021-11-25T20:17:13","guid":{"rendered":"https:\/\/joel-lemaire.com\/?page_id=14"},"modified":"2024-09-16T12:07:38","modified_gmt":"2024-09-16T10:07:38","slug":"accueil","status":"publish","type":"page","link":"https:\/\/joel-lemaire.com\/","title":{"rendered":"Accueil"},"content":{"rendered":"\n<p class=\"has-text-align-left\">Bienvenue sur mon site internet s\u00e9curis\u00e9.<br>Ici, vous y trouverez diff\u00e9rentes informations ainsi que mes r\u00e9alisations.<\/p>\n\n\n\n<h4 class=\"has-text-align-center\">En savoir d&#8217;avantage sur moi <br><\/h4>\n\n\n\n<div class=\"wp-block-media-text alignwide is-stacked-on-mobile\"><figure class=\"wp-block-media-text__media\"><img decoding=\"async\" loading=\"lazy\" width=\"1024\" height=\"681\" src=\"https:\/\/joel-lemaire.com\/wp-content\/uploads\/2021\/11\/PHOTO-ARTICLE-VOSGES-MATIN-290618-5-1024x681.jpg\" alt=\"\" class=\"wp-image-37 size-full\" srcset=\"https:\/\/joel-lemaire.com\/wp-content\/uploads\/2021\/11\/PHOTO-ARTICLE-VOSGES-MATIN-290618-5-1024x681.jpg 1024w, https:\/\/joel-lemaire.com\/wp-content\/uploads\/2021\/11\/PHOTO-ARTICLE-VOSGES-MATIN-290618-5-300x199.jpg 300w, https:\/\/joel-lemaire.com\/wp-content\/uploads\/2021\/11\/PHOTO-ARTICLE-VOSGES-MATIN-290618-5-768x511.jpg 768w, https:\/\/joel-lemaire.com\/wp-content\/uploads\/2021\/11\/PHOTO-ARTICLE-VOSGES-MATIN-290618-5-1075x715.jpg 1075w, https:\/\/joel-lemaire.com\/wp-content\/uploads\/2021\/11\/PHOTO-ARTICLE-VOSGES-MATIN-290618-5-483x321.jpg 483w, https:\/\/joel-lemaire.com\/wp-content\/uploads\/2021\/11\/PHOTO-ARTICLE-VOSGES-MATIN-290618-5-360x239.jpg 360w, https:\/\/joel-lemaire.com\/wp-content\/uploads\/2021\/11\/PHOTO-ARTICLE-VOSGES-MATIN-290618-5-600x399.jpg 600w, https:\/\/joel-lemaire.com\/wp-content\/uploads\/2021\/11\/PHOTO-ARTICLE-VOSGES-MATIN-290618-5-263x175.jpg 263w, https:\/\/joel-lemaire.com\/wp-content\/uploads\/2021\/11\/PHOTO-ARTICLE-VOSGES-MATIN-290618-5.jpg 1280w\" sizes=\"(max-width: 1024px) 100vw, 1024px\" \/><\/figure><div class=\"wp-block-media-text__content\">\n<p class=\"has-text-align-left\">Auteur passionn\u00e9 d&#8217;histoire et de g\u00e9n\u00e9alogie, j&#8217;ai souvent \u00e9t\u00e9 amen\u00e9 \u00e0 effectuer de nombreuses recherches. Chacune d&#8217;elles, ont fait na\u00eetre en moi des projets, qui m&#8217;ont naturellement entrain\u00e9 vers l&#8217;\u00e9criture. <br>C&#8217;est le fruit de celles-ci que j&#8217;ai commenc\u00e9 \u00e0 r\u00e9unir dans mes premiers ouvrages.&nbsp;<br>J&#8217;esp\u00e8re que vous aurez autant de plaisir \u00e0 les lire, que moi j&#8217;ai eu \u00e0 les \u00e9crire.<br><\/p>\n\n\n\n<ul class=\"is-layout-flex wp-block-social-links alignleft items-justified-right\"><li class=\"wp-social-link wp-social-link-facebook wp-block-social-link\"><a href=\"https:\/\/www.facebook.com\/3-fr%C3%A8res-en-enfer-2020922904615684\"  class=\"wp-block-social-link-anchor\"><svg width=\"24\" height=\"24\" viewBox=\"0 0 24 24\" version=\"1.1\" xmlns=\"http:\/\/www.w3.org\/2000\/svg\" aria-hidden=\"true\" focusable=\"false\"><path d=\"M12 2C6.5 2 2 6.5 2 12c0 5 3.7 9.1 8.4 9.9v-7H7.9V12h2.5V9.8c0-2.5 1.5-3.9 3.8-3.9 1.1 0 2.2.2 2.2.2v2.5h-1.3c-1.2 0-1.6.8-1.6 1.6V12h2.8l-.4 2.9h-2.3v7C18.3 21.1 22 17 22 12c0-5.5-4.5-10-10-10z\"><\/path><\/svg><span class=\"wp-block-social-link-label screen-reader-text\"><\/span><\/a><\/li><\/ul>\n\n\n\n<p>Retrouvez-moi sur ma page Facebook.<\/p>\n<\/div><\/div>\n\n\n\n<p><em>www.c.vosgesmatin.fr<\/em><\/p>\n\n\n\n<hr class=\"wp-block-separator has-css-opacity is-style-default\"\/>\n\n\n\n<p><br>                                                               <strong>MES REALISATIONS<\/strong><\/p>\n\n\n\n<div class=\"is-layout-flex wp-container-9 wp-block-columns\">\n<div class=\"is-layout-flow wp-block-column\" style=\"flex-basis:100%\">\n<div class=\"is-layout-flex wp-container-7 wp-block-columns\">\n<div class=\"is-layout-flow wp-block-column\">\n<div class=\"is-layout-flex wp-container-5 wp-block-columns\">\n<div class=\"is-layout-flow wp-block-column\">\n<figure class=\"wp-block-image size-full is-resized\"><img decoding=\"async\" loading=\"lazy\" src=\"https:\/\/joel-lemaire.com\/wp-content\/uploads\/2022\/04\/1ERE-DE-COUVERTURE-3-FRERES-5-665x1024-2.jpg\" alt=\"\" class=\"wp-image-530\" width=\"189\" height=\"291\" srcset=\"https:\/\/joel-lemaire.com\/wp-content\/uploads\/2022\/04\/1ERE-DE-COUVERTURE-3-FRERES-5-665x1024-2.jpg 665w, https:\/\/joel-lemaire.com\/wp-content\/uploads\/2022\/04\/1ERE-DE-COUVERTURE-3-FRERES-5-665x1024-2-195x300.jpg 195w, https:\/\/joel-lemaire.com\/wp-content\/uploads\/2022\/04\/1ERE-DE-COUVERTURE-3-FRERES-5-665x1024-2-464x715.jpg 464w, https:\/\/joel-lemaire.com\/wp-content\/uploads\/2022\/04\/1ERE-DE-COUVERTURE-3-FRERES-5-665x1024-2-325x500.jpg 325w, https:\/\/joel-lemaire.com\/wp-content\/uploads\/2022\/04\/1ERE-DE-COUVERTURE-3-FRERES-5-665x1024-2-329x506.jpg 329w, https:\/\/joel-lemaire.com\/wp-content\/uploads\/2022\/04\/1ERE-DE-COUVERTURE-3-FRERES-5-665x1024-2-520x800.jpg 520w, https:\/\/joel-lemaire.com\/wp-content\/uploads\/2022\/04\/1ERE-DE-COUVERTURE-3-FRERES-5-665x1024-2-171x263.jpg 171w\" sizes=\"(max-width: 189px) 100vw, 189px\" \/><figcaption class=\"wp-element-caption\">3 FRERES EN ENFER<\/figcaption><\/figure>\n<\/div>\n\n\n\n<div class=\"is-layout-flow wp-block-column\">\n<figure class=\"wp-block-image size-full is-resized\"><img decoding=\"async\" loading=\"lazy\" src=\"https:\/\/joel-lemaire.com\/wp-content\/uploads\/2022\/04\/PREMIERE-DE-COUVERTURE-2.jpg\" alt=\"\" class=\"wp-image-531\" width=\"188\" height=\"295\" srcset=\"https:\/\/joel-lemaire.com\/wp-content\/uploads\/2022\/04\/PREMIERE-DE-COUVERTURE-2.jpg 397w, https:\/\/joel-lemaire.com\/wp-content\/uploads\/2022\/04\/PREMIERE-DE-COUVERTURE-2-191x300.jpg 191w, https:\/\/joel-lemaire.com\/wp-content\/uploads\/2022\/04\/PREMIERE-DE-COUVERTURE-2-318x500.jpg 318w, https:\/\/joel-lemaire.com\/wp-content\/uploads\/2022\/04\/PREMIERE-DE-COUVERTURE-2-322x506.jpg 322w, https:\/\/joel-lemaire.com\/wp-content\/uploads\/2022\/04\/PREMIERE-DE-COUVERTURE-2-167x263.jpg 167w\" sizes=\"(max-width: 188px) 100vw, 188px\" \/><figcaption class=\"wp-element-caption\">LETTRES A MA BIEN AIMEE<\/figcaption><\/figure>\n<\/div>\n\n\n\n<div class=\"is-layout-flow wp-block-column\">\n<figure class=\"wp-block-image size-full is-resized\"><img decoding=\"async\" loading=\"lazy\" src=\"https:\/\/joel-lemaire.com\/wp-content\/uploads\/2022\/04\/thumbnail_1-Couv-lettres-2-664x1024-2.jpg\" alt=\"\" class=\"wp-image-536\" width=\"192\" height=\"295\" srcset=\"https:\/\/joel-lemaire.com\/wp-content\/uploads\/2022\/04\/thumbnail_1-Couv-lettres-2-664x1024-2.jpg 664w, https:\/\/joel-lemaire.com\/wp-content\/uploads\/2022\/04\/thumbnail_1-Couv-lettres-2-664x1024-2-195x300.jpg 195w, https:\/\/joel-lemaire.com\/wp-content\/uploads\/2022\/04\/thumbnail_1-Couv-lettres-2-664x1024-2-464x715.jpg 464w, https:\/\/joel-lemaire.com\/wp-content\/uploads\/2022\/04\/thumbnail_1-Couv-lettres-2-664x1024-2-324x500.jpg 324w, https:\/\/joel-lemaire.com\/wp-content\/uploads\/2022\/04\/thumbnail_1-Couv-lettres-2-664x1024-2-328x506.jpg 328w, https:\/\/joel-lemaire.com\/wp-content\/uploads\/2022\/04\/thumbnail_1-Couv-lettres-2-664x1024-2-519x800.jpg 519w, https:\/\/joel-lemaire.com\/wp-content\/uploads\/2022\/04\/thumbnail_1-Couv-lettres-2-664x1024-2-171x263.jpg 171w\" sizes=\"(max-width: 192px) 100vw, 192px\" \/><figcaption class=\"wp-element-caption\">PAR AMOUR DE MA TERRE <\/figcaption><\/figure>\n<\/div>\n<\/div>\n<\/div>\n<\/div>\n\n\n\n<figure class=\"wp-block-image size-full is-resized\"><img decoding=\"async\" loading=\"lazy\" src=\"https:\/\/joel-lemaire.com\/wp-content\/uploads\/2024\/07\/thumbnail_JEU-DE-QUILLES-OK-VERSION-PLUS-SATUREE-1.jpg\" alt=\"\" class=\"wp-image-557\" width=\"188\" height=\"282\" srcset=\"https:\/\/joel-lemaire.com\/wp-content\/uploads\/2024\/07\/thumbnail_JEU-DE-QUILLES-OK-VERSION-PLUS-SATUREE-1.jpg 397w, https:\/\/joel-lemaire.com\/wp-content\/uploads\/2024\/07\/thumbnail_JEU-DE-QUILLES-OK-VERSION-PLUS-SATUREE-1-200x300.jpg 200w, https:\/\/joel-lemaire.com\/wp-content\/uploads\/2024\/07\/thumbnail_JEU-DE-QUILLES-OK-VERSION-PLUS-SATUREE-1-333x500.jpg 333w, https:\/\/joel-lemaire.com\/wp-content\/uploads\/2024\/07\/thumbnail_JEU-DE-QUILLES-OK-VERSION-PLUS-SATUREE-1-337x506.jpg 337w, https:\/\/joel-lemaire.com\/wp-content\/uploads\/2024\/07\/thumbnail_JEU-DE-QUILLES-OK-VERSION-PLUS-SATUREE-1-175x263.jpg 175w\" sizes=\"(max-width: 188px) 100vw, 188px\" \/><figcaption class=\"wp-element-caption\">LE JEU DE QUILLES \u2013 <strong>NOUVEAUTE<\/strong><\/figcaption><\/figure>\n\n\n\n<p><\/p>\n<\/div>\n<\/div>\n","protected":false},"excerpt":{"rendered":"<p class=\"has-text-align-left\">Bienvenue sur mon site internet s\u00e9curis\u00e9.<br \/>Ici, vous y trouverez diff\u00e9rentes informations ainsi que mes r\u00e9alisations.<\/p>\n<p>En savoir d&#8217;avantage sur moi <\/p>\n<p><img decoding=\"async\" loading=\"lazy\" width=\"1024\" height=\"681\" src=\"https:\/\/joel-lemaire.com\/wp-content\/uploads\/2021\/11\/PHOTO-ARTICLE-VOSGES-MATIN-290618-5-1024x681.jpg\" alt=\"\" class=\"wp-image-37 size-full\" srcset=\"https:\/\/joel-lemaire.com\/wp-content\/uploads\/2021\/11\/PHOTO-ARTICLE-VOSGES-MATIN-290618-5-1024x681.jpg 1024w, https:\/\/joel-lemaire.com\/wp-content\/uploads\/2021\/11\/PHOTO-ARTICLE-VOSGES-MATIN-290618-5-300x199.jpg 300w, https:\/\/joel-lemaire.com\/wp-content\/uploads\/2021\/11\/PHOTO-ARTICLE-VOSGES-MATIN-290618-5-768x511.jpg 768w, https:\/\/joel-lemaire.com\/wp-content\/uploads\/2021\/11\/PHOTO-ARTICLE-VOSGES-MATIN-290618-5-1075x715.jpg 1075w, https:\/\/joel-lemaire.com\/wp-content\/uploads\/2021\/11\/PHOTO-ARTICLE-VOSGES-MATIN-290618-5-483x321.jpg 483w, https:\/\/joel-lemaire.com\/wp-content\/uploads\/2021\/11\/PHOTO-ARTICLE-VOSGES-MATIN-290618-5-360x239.jpg 360w, https:\/\/joel-lemaire.com\/wp-content\/uploads\/2021\/11\/PHOTO-ARTICLE-VOSGES-MATIN-290618-5-600x399.jpg 600w, https:\/\/joel-lemaire.com\/wp-content\/uploads\/2021\/11\/PHOTO-ARTICLE-VOSGES-MATIN-290618-5-263x175.jpg 263w, https:\/\/joel-lemaire.com\/wp-content\/uploads\/2021\/11\/PHOTO-ARTICLE-VOSGES-MATIN-290618-5.jpg 1280w\" sizes=\"(max-width: 1024px) 100vw, 1024px\" \/><\/p>\n<p class=\"has-text-align-left\">Auteur passionn\u00e9 d&#8217;histoire et de g\u00e9n\u00e9alogie,<\/p>\n","protected":false},"author":1,"featured_media":0,"parent":0,"menu_order":0,"comment_status":"closed","ping_status":"closed","template":"","meta":[],"_links":{"self":[{"href":"https:\/\/joel-lemaire.com\/index.php\/wp-json\/wp\/v2\/pages\/14"}],"collection":[{"href":"https:\/\/joel-lemaire.com\/index.php\/wp-json\/wp\/v2\/pages"}],"about":[{"href":"https:\/\/joel-lemaire.com\/index.php\/wp-json\/wp\/v2\/types\/page"}],"author":[{"embeddable":true,"href":"https:\/\/joel-lemaire.com\/index.php\/wp-json\/wp\/v2\/users\/1"}],"replies":[{"embeddable":true,"href":"https:\/\/joel-lemaire.com\/index.php\/wp-json\/wp\/v2\/comments?post=14"}],"version-history":[{"count":107,"href":"https:\/\/joel-lemaire.com\/index.php\/wp-json\/wp\/v2\/pages\/14\/revisions"}],"predecessor-version":[{"id":565,"href":"https:\/\/joel-lemaire.com\/index.php\/wp-json\/wp\/v2\/pages\/14\/revisions\/565"}],"wp:attachment":[{"href":"https:\/\/joel-lemaire.com\/index.php\/wp-json\/wp\/v2\/media?parent=14"}],"curies":[{"name":"wp","href":"https:\/\/api.w.org\/{rel}","templated":true}]}}